{"id":2935,"date":"2018-07-10T08:36:58","date_gmt":"2018-07-10T08:36:58","guid":{"rendered":"https:\/\/nova-odder.dk\/?page_id=2935"},"modified":"2026-04-07T11:24:11","modified_gmt":"2026-04-07T11:24:11","slug":"skrot","status":"publish","type":"page","link":"https:\/\/nova-odder.dk\/index.php\/skrot\/","title":{"rendered":"Skrot"},"content":{"rendered":"<div class=\"wpb-content-wrapper\"><p>[vc_row][vc_column][vc_column_text css=&#8221;&#8221;]<\/p>\n<h2>Skrothandel<\/h2>\n<p>Hos Nova Produkt og Svejseforretning besk\u00e6ftiger vi os prim\u00e6rt med k\u00f8b og salg af skrotjern. Vi handler b\u00e5de med private og erhverv.Vi modtager og behandler alle former for jern, metaller og elektronikskrot.<\/p>\n<p style=\"text-align: left;\">Vi betaler dagsprisen og afregner gerne kontant.<\/p>\n<h3><img loading=\"lazy\" decoding=\"async\" class=\"alignnone size-medium wp-image-3225\" src=\"https:\/\/nova-odder.dk\/wp-content\/uploads\/2026\/04\/1000007510-300x192.jpg\" alt=\"\" width=\"300\" height=\"192\" srcset=\"https:\/\/nova-odder.dk\/wp-content\/uploads\/2026\/04\/1000007510-300x192.jpg 300w, https:\/\/nova-odder.dk\/wp-content\/uploads\/2026\/04\/1000007510-1024x655.jpg 1024w, https:\/\/nova-odder.dk\/wp-content\/uploads\/2026\/04\/1000007510-768x491.jpg 768w, https:\/\/nova-odder.dk\/wp-content\/uploads\/2026\/04\/1000007510-1536x982.jpg 1536w, https:\/\/nova-odder.dk\/wp-content\/uploads\/2026\/04\/1000007510-2048x1309.jpg 2048w, https:\/\/nova-odder.dk\/wp-content\/uploads\/2026\/04\/1000007510-200x128.jpg 200w\" sizes=\"auto, (max-width: 300px) 100vw, 300px\" \/><\/h3>\n<h3>Containerservice<\/h3>\n<p>Vi har et stort udvalg af containere, som vi gerne stiller til r\u00e5dighed for vores kunder med b\u00e5de levering og afhentning af vores egne chauff\u00f8rer.<\/p>\n<p><img loading=\"lazy\" decoding=\"async\" class=\"alignnone size-medium wp-image-3024\" src=\"https:\/\/nova-odder.dk\/wp-content\/uploads\/2020\/04\/image004-300x213.jpg\" alt=\"\" width=\"300\" height=\"213\" srcset=\"https:\/\/nova-odder.dk\/wp-content\/uploads\/2020\/04\/image004-300x213.jpg 300w, https:\/\/nova-odder.dk\/wp-content\/uploads\/2020\/04\/image004.jpg 449w\" sizes=\"auto, (max-width: 300px) 100vw, 300px\" \/>[\/vc_column_text][\/vc_column][\/vc_row]<\/p>\n<\/div>","protected":false},"excerpt":{"rendered":"<p>[vc_row][vc_column][vc_column_text css=&#8221;&#8221;] Skrothandel Hos Nova Produkt og Svejseforretning besk\u00e6ftiger vi os prim\u00e6rt med k\u00f8b og salg af skrotjern. Vi handler b\u00e5de med private og erhverv.Vi modtager og behandler alle former for jern, metaller og elektronikskrot. Vi betaler dagsprisen og afregner gerne kontant. Containerservice Vi har et stort udvalg af containere, som vi gerne stiller til r\u00e5dighed for vores kunder med b\u00e5de levering og afhentning af vores egne chauff\u00f8rer. [\/vc_column_text][\/vc_column][\/vc_row]<\/p>\n","protected":false},"author":3,"featured_media":0,"parent":0,"menu_order":0,"comment_status":"closed","ping_status":"closed","template":"","meta":{"footnotes":""},"class_list":["post-2935","page","type-page","status-publish","hentry"],"yoast_head":"<!-- This site is optimized with the Yoast SEO plugin v27.3 - https:\/\/yoast.com\/product\/yoast-seo-wordpress\/ -->\n<title>Skrot - Nova Produkt &amp; Svejseforretning<\/title>\n<meta name=\"description\" content=\"Hos Nova Produkt og Svejseforretning modtager og behandler vi alle former for jern, metaller og elektronikskrot.\u00a0\" \/>\n<meta name=\"robots\" content=\"index, follow, max-snippet:-1, max-image-preview:large, max-video-preview:-1\" \/>\n<link rel=\"canonical\" href=\"https:\/\/nova-odder.dk\/index.php\/skrot\/\" \/>\n<meta property=\"og:locale\" content=\"da_DK\" \/>\n<meta property=\"og:type\" content=\"article\" \/>\n<meta property=\"og:title\" content=\"Skrot - Nova Produkt &amp; Svejseforretning\" \/>\n<meta property=\"og:description\" content=\"Hos Nova Produkt og Svejseforretning modtager og behandler vi alle former for jern, metaller og elektronikskrot.\u00a0\" \/>\n<meta property=\"og:url\" content=\"https:\/\/nova-odder.dk\/index.php\/skrot\/\" \/>\n<meta property=\"og:site_name\" content=\"Nova Produkt &amp; Svejseforretning\" \/>\n<meta property=\"article:modified_time\" content=\"2026-04-07T11:24:11+00:00\" \/>\n<meta property=\"og:image\" content=\"https:\/\/nova-odder.dk\/wp-content\/uploads\/2026\/04\/1000007510-scaled.jpg\" \/>\n\t<meta property=\"og:image:width\" content=\"2560\" \/>\n\t<meta property=\"og:image:height\" content=\"1636\" \/>\n\t<meta property=\"og:image:type\" content=\"image\/jpeg\" \/>\n<meta name=\"twitter:card\" content=\"summary_large_image\" \/>\n<meta name=\"twitter:label1\" content=\"Estimeret l\u00e6setid\" \/>\n\t<meta name=\"twitter:data1\" content=\"1 minut\" \/>\n<script type=\"application\/ld+json\" class=\"yoast-schema-graph\">{\"@context\":\"https:\\\/\\\/schema.org\",\"@graph\":[{\"@type\":\"WebPage\",\"@id\":\"https:\\\/\\\/nova-odder.dk\\\/index.php\\\/skrot\\\/\",\"url\":\"https:\\\/\\\/nova-odder.dk\\\/index.php\\\/skrot\\\/\",\"name\":\"Skrot - Nova Produkt &amp; Svejseforretning\",\"isPartOf\":{\"@id\":\"https:\\\/\\\/nova-odder.dk\\\/#website\"},\"primaryImageOfPage\":{\"@id\":\"https:\\\/\\\/nova-odder.dk\\\/index.php\\\/skrot\\\/#primaryimage\"},\"image\":{\"@id\":\"https:\\\/\\\/nova-odder.dk\\\/index.php\\\/skrot\\\/#primaryimage\"},\"thumbnailUrl\":\"https:\\\/\\\/nova-odder.dk\\\/wp-content\\\/uploads\\\/2026\\\/04\\\/1000007510-300x192.jpg\",\"datePublished\":\"2018-07-10T08:36:58+00:00\",\"dateModified\":\"2026-04-07T11:24:11+00:00\",\"description\":\"Hos Nova Produkt og Svejseforretning modtager og behandler vi alle former for jern, metaller og elektronikskrot.\u00a0\",\"breadcrumb\":{\"@id\":\"https:\\\/\\\/nova-odder.dk\\\/index.php\\\/skrot\\\/#breadcrumb\"},\"inLanguage\":\"da-DK\",\"potentialAction\":[{\"@type\":\"ReadAction\",\"target\":[\"https:\\\/\\\/nova-odder.dk\\\/index.php\\\/skrot\\\/\"]}]},{\"@type\":\"ImageObject\",\"inLanguage\":\"da-DK\",\"@id\":\"https:\\\/\\\/nova-odder.dk\\\/index.php\\\/skrot\\\/#primaryimage\",\"url\":\"https:\\\/\\\/nova-odder.dk\\\/wp-content\\\/uploads\\\/2026\\\/04\\\/1000007510-scaled.jpg\",\"contentUrl\":\"https:\\\/\\\/nova-odder.dk\\\/wp-content\\\/uploads\\\/2026\\\/04\\\/1000007510-scaled.jpg\",\"width\":2560,\"height\":1636},{\"@type\":\"BreadcrumbList\",\"@id\":\"https:\\\/\\\/nova-odder.dk\\\/index.php\\\/skrot\\\/#breadcrumb\",\"itemListElement\":[{\"@type\":\"ListItem\",\"position\":1,\"name\":\"Hjem\",\"item\":\"https:\\\/\\\/nova-odder.dk\\\/\"},{\"@type\":\"ListItem\",\"position\":2,\"name\":\"Skrot\"}]},{\"@type\":\"WebSite\",\"@id\":\"https:\\\/\\\/nova-odder.dk\\\/#website\",\"url\":\"https:\\\/\\\/nova-odder.dk\\\/\",\"name\":\"Nova Produkt &amp; Svejseforretning\",\"description\":\"\",\"potentialAction\":[{\"@type\":\"SearchAction\",\"target\":{\"@type\":\"EntryPoint\",\"urlTemplate\":\"https:\\\/\\\/nova-odder.dk\\\/?s={search_term_string}\"},\"query-input\":{\"@type\":\"PropertyValueSpecification\",\"valueRequired\":true,\"valueName\":\"search_term_string\"}}],\"inLanguage\":\"da-DK\"}]}<\/script>\n<!-- \/ Yoast SEO plugin. -->","yoast_head_json":{"title":"Skrot - Nova Produkt &amp; Svejseforretning","description":"Hos Nova Produkt og Svejseforretning modtager og behandler vi alle former for jern, metaller og elektronikskrot.\u00a0","robots":{"index":"index","follow":"follow","max-snippet":"max-snippet:-1","max-image-preview":"max-image-preview:large","max-video-preview":"max-video-preview:-1"},"canonical":"https:\/\/nova-odder.dk\/index.php\/skrot\/","og_locale":"da_DK","og_type":"article","og_title":"Skrot - Nova Produkt &amp; Svejseforretning","og_description":"Hos Nova Produkt og Svejseforretning modtager og behandler vi alle former for jern, metaller og elektronikskrot.\u00a0","og_url":"https:\/\/nova-odder.dk\/index.php\/skrot\/","og_site_name":"Nova Produkt &amp; Svejseforretning","article_modified_time":"2026-04-07T11:24:11+00:00","og_image":[{"width":2560,"height":1636,"url":"https:\/\/nova-odder.dk\/wp-content\/uploads\/2026\/04\/1000007510-scaled.jpg","type":"image\/jpeg"}],"twitter_card":"summary_large_image","twitter_misc":{"Estimeret l\u00e6setid":"1 minut"},"schema":{"@context":"https:\/\/schema.org","@graph":[{"@type":"WebPage","@id":"https:\/\/nova-odder.dk\/index.php\/skrot\/","url":"https:\/\/nova-odder.dk\/index.php\/skrot\/","name":"Skrot - Nova Produkt &amp; Svejseforretning","isPartOf":{"@id":"https:\/\/nova-odder.dk\/#website"},"primaryImageOfPage":{"@id":"https:\/\/nova-odder.dk\/index.php\/skrot\/#primaryimage"},"image":{"@id":"https:\/\/nova-odder.dk\/index.php\/skrot\/#primaryimage"},"thumbnailUrl":"https:\/\/nova-odder.dk\/wp-content\/uploads\/2026\/04\/1000007510-300x192.jpg","datePublished":"2018-07-10T08:36:58+00:00","dateModified":"2026-04-07T11:24:11+00:00","description":"Hos Nova Produkt og Svejseforretning modtager og behandler vi alle former for jern, metaller og elektronikskrot.\u00a0","breadcrumb":{"@id":"https:\/\/nova-odder.dk\/index.php\/skrot\/#breadcrumb"},"inLanguage":"da-DK","potentialAction":[{"@type":"ReadAction","target":["https:\/\/nova-odder.dk\/index.php\/skrot\/"]}]},{"@type":"ImageObject","inLanguage":"da-DK","@id":"https:\/\/nova-odder.dk\/index.php\/skrot\/#primaryimage","url":"https:\/\/nova-odder.dk\/wp-content\/uploads\/2026\/04\/1000007510-scaled.jpg","contentUrl":"https:\/\/nova-odder.dk\/wp-content\/uploads\/2026\/04\/1000007510-scaled.jpg","width":2560,"height":1636},{"@type":"BreadcrumbList","@id":"https:\/\/nova-odder.dk\/index.php\/skrot\/#breadcrumb","itemListElement":[{"@type":"ListItem","position":1,"name":"Hjem","item":"https:\/\/nova-odder.dk\/"},{"@type":"ListItem","position":2,"name":"Skrot"}]},{"@type":"WebSite","@id":"https:\/\/nova-odder.dk\/#website","url":"https:\/\/nova-odder.dk\/","name":"Nova Produkt &amp; Svejseforretning","description":"","potentialAction":[{"@type":"SearchAction","target":{"@type":"EntryPoint","urlTemplate":"https:\/\/nova-odder.dk\/?s={search_term_string}"},"query-input":{"@type":"PropertyValueSpecification","valueRequired":true,"valueName":"search_term_string"}}],"inLanguage":"da-DK"}]}},"_links":{"self":[{"href":"https:\/\/nova-odder.dk\/index.php\/wp-json\/wp\/v2\/pages\/2935","targetHints":{"allow":["GET"]}}],"collection":[{"href":"https:\/\/nova-odder.dk\/index.php\/wp-json\/wp\/v2\/pages"}],"about":[{"href":"https:\/\/nova-odder.dk\/index.php\/wp-json\/wp\/v2\/types\/page"}],"author":[{"embeddable":true,"href":"https:\/\/nova-odder.dk\/index.php\/wp-json\/wp\/v2\/users\/3"}],"replies":[{"embeddable":true,"href":"https:\/\/nova-odder.dk\/index.php\/wp-json\/wp\/v2\/comments?post=2935"}],"version-history":[{"count":3,"href":"https:\/\/nova-odder.dk\/index.php\/wp-json\/wp\/v2\/pages\/2935\/revisions"}],"predecessor-version":[{"id":3231,"href":"https:\/\/nova-odder.dk\/index.php\/wp-json\/wp\/v2\/pages\/2935\/revisions\/3231"}],"wp:attachment":[{"href":"https:\/\/nova-odder.dk\/index.php\/wp-json\/wp\/v2\/media?parent=2935"}],"curies":[{"name":"wp","href":"https:\/\/api.w.org\/{rel}","templated":true}]}}